{"id":332,"date":"2020-04-01T12:59:17","date_gmt":"2020-04-01T17:59:17","guid":{"rendered":"https:\/\/carpediemconsultores.com\/nuevo\/?page_id=332"},"modified":"2020-04-22T12:06:31","modified_gmt":"2020-04-22T17:06:31","slug":"gestion-de-los-recursos-personales","status":"publish","type":"page","link":"https:\/\/carpediemconsultores.com\/nuevo\/gestion-de-los-recursos-personales\/","title":{"rendered":"Gesti\u00f3n de los recursos personales"},"content":{"rendered":"<p><div class=\"fusion-fullwidth fullwidth-box fusion-builder-row-1 hundred-percent-fullwidth non-hundred-percent-height-scrolling\"  style='background-color: rgba(255,255,255,0);background-position: center center;background-repeat: no-repeat;padding-top:0px;padding-bottom:0px;'><div class=\"fusion-builder-row fusion-row \"><div  class=\"fusion-layout-column fusion_builder_column fusion_builder_column_1_1 fusion-builder-column-0 fusion-one-full fusion-column-first fusion-column-last fusion-no-small-visibility 1_1\"  style='margin-top:15px;margin-bottom:15px;'><div class=\"fusion-column-wrapper\" style=\"padding: 0px 0px 0px 0px;background-position:left top;background-repeat:no-repeat;-webkit-background-size:cover;-moz-background-size:cover;-o-background-size:cover;background-size:cover;\"   data-bg-url=\"\"><div class=\"imageframe-align-center\"><span class=\"fusion-imageframe imageframe-none imageframe-1 hover-type-none fusion-animated\" data-animationType=\"fadeIn\" data-animationDuration=\"0.9\" data-animationOffset=\"100%\"><img loading=\"lazy\" decoding=\"async\" src=\"https:\/\/carpediemconsultores.com\/nuevo\/wp-content\/uploads\/2020\/04\/einspira-header.jpg\" width=\"1920\" height=\"400\" alt=\"\" title=\"einspira-header\" class=\"img-responsive wp-image-333\" srcset=\"https:\/\/carpediemconsultores.com\/nuevo\/wp-content\/uploads\/2020\/04\/einspira-header-200x42.jpg 200w, https:\/\/carpediemconsultores.com\/nuevo\/wp-content\/uploads\/2020\/04\/einspira-header-400x83.jpg 400w, https:\/\/carpediemconsultores.com\/nuevo\/wp-content\/uploads\/2020\/04\/einspira-header-600x125.jpg 600w, https:\/\/carpediemconsultores.com\/nuevo\/wp-content\/uploads\/2020\/04\/einspira-header-800x167.jpg 800w, https:\/\/carpediemconsultores.com\/nuevo\/wp-content\/uploads\/2020\/04\/einspira-header-1200x250.jpg 1200w, https:\/\/carpediemconsultores.com\/nuevo\/wp-content\/uploads\/2020\/04\/einspira-header.jpg 1920w\" sizes=\"auto, (max-width: 800px) 100vw, 1200px\" \/><\/span><\/div><div class=\"fusion-clearfix\"><\/div><\/div><\/div><div  class=\"fusion-layout-column fusion_builder_column fusion_builder_column_1_1 fusion-builder-column-1 fusion-one-full fusion-column-first fusion-column-last fusion-no-medium-visibility fusion-no-large-visibility 1_1\"  style='margin-top:15px;margin-bottom:15px;'><div class=\"fusion-column-wrapper\" style=\"padding: 0px 0px 0px 0px;background-position:left top;background-repeat:no-repeat;-webkit-background-size:cover;-moz-background-size:cover;-o-background-size:cover;background-size:cover;\"   data-bg-url=\"\"><span class=\"fusion-imageframe imageframe-none imageframe-2 hover-type-none\"><img loading=\"lazy\" decoding=\"async\" src=\"https:\/\/carpediemconsultores.com\/nuevo\/wp-content\/uploads\/2020\/04\/einspira-mobile.jpg\" width=\"480\" height=\"720\" alt=\"\" title=\"einspira-mobile\" class=\"img-responsive wp-image-336\" srcset=\"https:\/\/carpediemconsultores.com\/nuevo\/wp-content\/uploads\/2020\/04\/einspira-mobile-200x300.jpg 200w, https:\/\/carpediemconsultores.com\/nuevo\/wp-content\/uploads\/2020\/04\/einspira-mobile-400x600.jpg 400w, https:\/\/carpediemconsultores.com\/nuevo\/wp-content\/uploads\/2020\/04\/einspira-mobile.jpg 480w\" sizes=\"auto, (max-width: 800px) 100vw, 480px\" \/><\/span><div class=\"fusion-clearfix\"><\/div><\/div><\/div><\/div><\/div><style type=\"text\/css\">.fusion-fullwidth.fusion-builder-row-1 a:not(.fusion-button):not(.fusion-builder-module-control):not(.fusion-social-network-icon):not(.fb-icon-element):not(.fusion-countdown-link):not(.fusion-rollover-link):not(.fusion-rollover-gallery):not(.add_to_cart_button):not(.show_details_button):not(.product_type_external):not(.fusion-quick-view):not(.fusion-rollover-title-link) , .fusion-fullwidth.fusion-builder-row-1 a:not(.fusion-button):not(.fusion-builder-module-control):not(.fusion-social-network-icon):not(.fb-icon-element):not(.fusion-countdown-link):not(.fusion-rollover-link):not(.fusion-rollover-gallery):not(.add_to_cart_button):not(.show_details_button):not(.product_type_external):not(.fusion-quick-view):not(.fusion-rollover-title-link):before, .fusion-fullwidth.fusion-builder-row-1 a:not(.fusion-button):not(.fusion-builder-module-control):not(.fusion-social-network-icon):not(.fb-icon-element):not(.fusion-countdown-link):not(.fusion-rollover-link):not(.fusion-rollover-gallery):not(.add_to_cart_button):not(.show_details_button):not(.product_type_external):not(.fusion-quick-view):not(.fusion-rollover-title-link):after {color: #9d8a39;}.fusion-fullwidth.fusion-builder-row-1 a:not(.fusion-button):not(.fusion-builder-module-control):not(.fusion-social-network-icon):not(.fb-icon-element):not(.fusion-countdown-link):not(.fusion-rollover-link):not(.fusion-rollover-gallery):not(.add_to_cart_button):not(.show_details_button):not(.product_type_external):not(.fusion-quick-view):not(.fusion-rollover-title-link):hover, .fusion-fullwidth.fusion-builder-row-1 a:not(.fusion-button):not(.fusion-builder-module-control):not(.fusion-social-network-icon):not(.fb-icon-element):not(.fusion-countdown-link):not(.fusion-rollover-link):not(.fusion-rollover-gallery):not(.add_to_cart_button):not(.show_details_button):not(.product_type_external):not(.fusion-quick-view):not(.fusion-rollover-title-link):hover:before, .fusion-fullwidth.fusion-builder-row-1 a:not(.fusion-button):not(.fusion-builder-module-control):not(.fusion-social-network-icon):not(.fb-icon-element):not(.fusion-countdown-link):not(.fusion-rollover-link):not(.fusion-rollover-gallery):not(.add_to_cart_button):not(.show_details_button):not(.product_type_external):not(.fusion-quick-view):not(.fusion-rollover-title-link):hover:after {color: #9d8a39;}.fusion-fullwidth.fusion-builder-row-1 .pagination a.inactive:hover, .fusion-fullwidth.fusion-builder-row-1 .fusion-filters .fusion-filter.fusion-active a {border-color: #9d8a39;}.fusion-fullwidth.fusion-builder-row-1 .pagination .current {border-color: #9d8a39; background-color: #9d8a39;}.fusion-fullwidth.fusion-builder-row-1 .fusion-filters .fusion-filter.fusion-active a, .fusion-fullwidth.fusion-builder-row-1 .fusion-date-and-formats .fusion-format-box, .fusion-fullwidth.fusion-builder-row-1 .fusion-popover, .fusion-fullwidth.fusion-builder-row-1 .tooltip-shortcode {color: #9d8a39;}#main .fusion-fullwidth.fusion-builder-row-1 .post .blog-shortcode-post-title a:hover {color: #9d8a39;}<\/style><div class=\"fusion-fullwidth fullwidth-box fusion-builder-row-2 nonhundred-percent-fullwidth non-hundred-percent-height-scrolling fusion-equal-height-columns\"  style='background-color: rgba(255,255,255,0);background-position: center center;background-repeat: no-repeat;padding-top:0px;padding-right:0px;padding-bottom:0px;padding-left:0px;'><div class=\"fusion-builder-row fusion-row \"><div  class=\"fusion-layout-column fusion_builder_column fusion_builder_column_1_1 fusion-builder-column-2 fusion-one-full fusion-column-first fusion-column-last 1_1\"  style='margin-top:15px;margin-bottom:15px;'><div class=\"fusion-column-wrapper\" style=\"padding: 0px 0px 0px 0px;background-position:left top;background-repeat:no-repeat;-webkit-background-size:cover;-moz-background-size:cover;-o-background-size:cover;background-size:cover;\"   data-bg-url=\"\"><div class=\"fusion-text\"><p style=\"text-align: left; font-size: 50px; color: #6dbb47; line-height: 1;\"><strong>e-inspira\u2026,<\/strong> gesti\u00f3n de<br \/>\nlos recursos personales<\/p>\n<\/div><div class=\"fusion-text\"><p>Las situaciones generadas a partir de las diferencias entre las expectativas de los usuarios y la capacidad de respuesta de las organizaciones frente a las mismas estimulan la presencia de eventos no deseados para las partes, gener\u00e1ndose impactos en la operaci\u00f3n, en el clima y la cultura organizacional de \u00e9stas.<\/p>\n<p>La variedad y contundencia de las estrategias de abordaje de dichas situaciones para promover el \u00e9xito en el manejo de las mismas miden la capacidad de respuesta de la organizaci\u00f3n para la atenci\u00f3n de los distintos requerimientos de sus equipos; apoyamos el proceso de consolidaci\u00f3n de su organizaci\u00f3n por medio de los siguientes programas.<\/p>\n<\/div><div class=\"fusion-clearfix\"><\/div><\/div><\/div><\/div><\/div><style type=\"text\/css\">.fusion-fullwidth.fusion-builder-row-2 a:not(.fusion-button):not(.fusion-builder-module-control):not(.fusion-social-network-icon):not(.fb-icon-element):not(.fusion-countdown-link):not(.fusion-rollover-link):not(.fusion-rollover-gallery):not(.add_to_cart_button):not(.show_details_button):not(.product_type_external):not(.fusion-quick-view):not(.fusion-rollover-title-link) , .fusion-fullwidth.fusion-builder-row-2 a:not(.fusion-button):not(.fusion-builder-module-control):not(.fusion-social-network-icon):not(.fb-icon-element):not(.fusion-countdown-link):not(.fusion-rollover-link):not(.fusion-rollover-gallery):not(.add_to_cart_button):not(.show_details_button):not(.product_type_external):not(.fusion-quick-view):not(.fusion-rollover-title-link):before, .fusion-fullwidth.fusion-builder-row-2 a:not(.fusion-button):not(.fusion-builder-module-control):not(.fusion-social-network-icon):not(.fb-icon-element):not(.fusion-countdown-link):not(.fusion-rollover-link):not(.fusion-rollover-gallery):not(.add_to_cart_button):not(.show_details_button):not(.product_type_external):not(.fusion-quick-view):not(.fusion-rollover-title-link):after {color: #9d8a39;}.fusion-fullwidth.fusion-builder-row-2 a:not(.fusion-button):not(.fusion-builder-module-control):not(.fusion-social-network-icon):not(.fb-icon-element):not(.fusion-countdown-link):not(.fusion-rollover-link):not(.fusion-rollover-gallery):not(.add_to_cart_button):not(.show_details_button):not(.product_type_external):not(.fusion-quick-view):not(.fusion-rollover-title-link):hover, .fusion-fullwidth.fusion-builder-row-2 a:not(.fusion-button):not(.fusion-builder-module-control):not(.fusion-social-network-icon):not(.fb-icon-element):not(.fusion-countdown-link):not(.fusion-rollover-link):not(.fusion-rollover-gallery):not(.add_to_cart_button):not(.show_details_button):not(.product_type_external):not(.fusion-quick-view):not(.fusion-rollover-title-link):hover:before, .fusion-fullwidth.fusion-builder-row-2 a:not(.fusion-button):not(.fusion-builder-module-control):not(.fusion-social-network-icon):not(.fb-icon-element):not(.fusion-countdown-link):not(.fusion-rollover-link):not(.fusion-rollover-gallery):not(.add_to_cart_button):not(.show_details_button):not(.product_type_external):not(.fusion-quick-view):not(.fusion-rollover-title-link):hover:after {color: #9d8a39;}.fusion-fullwidth.fusion-builder-row-2 .pagination a.inactive:hover, .fusion-fullwidth.fusion-builder-row-2 .fusion-filters .fusion-filter.fusion-active a {border-color: #9d8a39;}.fusion-fullwidth.fusion-builder-row-2 .pagination .current {border-color: #9d8a39; background-color: #9d8a39;}.fusion-fullwidth.fusion-builder-row-2 .fusion-filters .fusion-filter.fusion-active a, .fusion-fullwidth.fusion-builder-row-2 .fusion-date-and-formats .fusion-format-box, .fusion-fullwidth.fusion-builder-row-2 .fusion-popover, .fusion-fullwidth.fusion-builder-row-2 .tooltip-shortcode {color: #9d8a39;}#main .fusion-fullwidth.fusion-builder-row-2 .post .blog-shortcode-post-title a:hover {color: #9d8a39;}<\/style><div class=\"fusion-fullwidth fullwidth-box fusion-builder-row-3 nonhundred-percent-fullwidth non-hundred-percent-height-scrolling fusion-equal-height-columns\"  style='background-color: rgba(255,255,255,0);background-position: center center;background-repeat: no-repeat;padding-top:0px;padding-right:0px;padding-bottom:0px;padding-left:0px;'><div class=\"fusion-builder-row fusion-row \"><div  data-animationType=fadeInUp data-animationDuration=0.6 data-animationOffset=100% class=\"fusion-layout-column fusion_builder_column fusion_builder_column_1_4 fusion-builder-column-3 fusion-one-fourth fusion-column-first innova fusion-column-inner-bg-wrapper fusion-animated 1_4\"  style='margin-top:15px;margin-bottom:15px;width:25%;width:calc(25% - ( ( 0 + 0 + 0 ) * 0.25 ) );margin-right: 0px;'><div class=\"fusion-column-wrapper\" style=\"padding: 20% 5% 20% 5%;\"  data-bg-url=\"\"><div class=\"fusion-text\"><p style=\"text-align: left; font-size: 22px; color: #ff8500;\"><strong>e-innova\u2026, <\/strong><span style=\"text-align: left; font-weight: 500;\">gesti\u00f3n de procesos organizacionales<\/span><\/p>\n<hr \/>\n<\/div><div class=\"fusion-button-wrapper fusion-align-block\"><style type=\"text\/css\">.fusion-button.button-1 .fusion-button-text, .fusion-button.button-1 i {color:#1a1a1a;}.fusion-button.button-1 .fusion-button-icon-divider{border-color:#1a1a1a;}.fusion-button.button-1:hover .fusion-button-text, .fusion-button.button-1:hover i,.fusion-button.button-1:focus .fusion-button-text, .fusion-button.button-1:focus i,.fusion-button.button-1:active .fusion-button-text, .fusion-button.button-1:active{color:#ffffff;}.fusion-button.button-1:hover .fusion-button-icon-divider, .fusion-button.button-1:hover .fusion-button-icon-divider, .fusion-button.button-1:active .fusion-button-icon-divider{border-color:#ffffff;}.fusion-button.button-1:hover, .fusion-button.button-1:focus, .fusion-button.button-1:active{border-color:#ffffff;}.fusion-button.button-1 {border-color:#ffffff;border-radius:2px;}.fusion-button.button-1{background: #ffffff;}.fusion-button.button-1:hover,.button-1:focus,.fusion-button.button-1:active{background: rgba(255,132,0,0.8);}<\/style><a class=\"fusion-button button-flat fusion-button-default-size button-custom button-1 fusion-button-span-yes fusion-button-default-type\" target=\"_self\" href=\"#\"><span class=\"fusion-button-text\">Conoce m\u00e1s<\/span><i class=\"fa-arrow-right fas button-icon-right\"><\/i><\/a><\/div><div class=\"fusion-clearfix\"><\/div><\/div><span class=\"fusion-column-inner-bg hover-type-none\" ><a href=\"https:\/\/carpediemconsultores.com\/nuevo\/e-innova-gestion-de-procesos-organizacionales\/\" aria-label=\"\"><span class=\"fusion-column-inner-bg-image\"  style=\"background-position:left top;background-repeat:no-repeat;-webkit-background-size:cover;-moz-background-size:cover;-o-background-size:cover;background-size:cover;\"><\/span><\/a><\/span><\/div><div  data-animationType=fadeInUp data-animationDuration=0.6 data-animationOffset=100% class=\"fusion-layout-column fusion_builder_column fusion_builder_column_1_4 fusion-builder-column-4 fusion-one-fourth integra fusion-column-inner-bg-wrapper fusion-animated 1_4\"  style='margin-top:15px;margin-bottom:15px;width:25%;width:calc(25% - ( ( 0 + 0 + 0 ) * 0.25 ) );margin-right: 0px;'><div class=\"fusion-column-wrapper\" style=\"padding: 20% 5% 20% 5%;\"  data-bg-url=\"\"><div class=\"fusion-text\"><p style=\"text-align: left; font-size: 22px; color: #396ae9;\"><strong>e-integra\u2026, <\/strong><span style=\"text-align: left; font-weight: 500;\">gesti\u00f3n del conocimiento<\/span><\/p>\n<hr \/>\n<\/div><div class=\"fusion-button-wrapper fusion-align-block\"><style type=\"text\/css\">.fusion-button.button-2 .fusion-button-text, .fusion-button.button-2 i {color:#1a1a1a;}.fusion-button.button-2 .fusion-button-icon-divider{border-color:#1a1a1a;}.fusion-button.button-2:hover .fusion-button-text, .fusion-button.button-2:hover i,.fusion-button.button-2:focus .fusion-button-text, .fusion-button.button-2:focus i,.fusion-button.button-2:active .fusion-button-text, .fusion-button.button-2:active{color:#ffffff;}.fusion-button.button-2:hover .fusion-button-icon-divider, .fusion-button.button-2:hover .fusion-button-icon-divider, .fusion-button.button-2:active .fusion-button-icon-divider{border-color:#ffffff;}.fusion-button.button-2:hover, .fusion-button.button-2:focus, .fusion-button.button-2:active{border-color:#ffffff;}.fusion-button.button-2 {border-color:#ffffff;border-radius:2px;}.fusion-button.button-2{background: #ffffff;}.fusion-button.button-2:hover,.button-2:focus,.fusion-button.button-2:active{background: rgba(255,132,0,0.8);}<\/style><a class=\"fusion-button button-flat fusion-button-default-size button-custom button-2 fusion-button-span-yes fusion-button-default-type\" target=\"_self\" href=\"#\"><span class=\"fusion-button-text\">Conoce m\u00e1s<\/span><i class=\"fa-arrow-right fas button-icon-right\"><\/i><\/a><\/div><div class=\"fusion-clearfix\"><\/div><\/div><span class=\"fusion-column-inner-bg hover-type-none\" ><a href=\"https:\/\/carpediemconsultores.com\/nuevo\/e-integra-gestion-del-conocimiento\/\" aria-label=\"\"><span class=\"fusion-column-inner-bg-image\"  style=\"background-position:left top;background-repeat:no-repeat;-webkit-background-size:cover;-moz-background-size:cover;-o-background-size:cover;background-size:cover;\"><\/span><\/a><\/span><\/div><div  data-animationType=fadeInUp data-animationDuration=0.6 data-animationOffset=100% class=\"fusion-layout-column fusion_builder_column fusion_builder_column_1_4 fusion-builder-column-5 fusion-one-fourth inspira fusion-column-inner-bg-wrapper fusion-animated 1_4\"  style='margin-top:15px;margin-bottom:15px;width:25%;width:calc(25% - ( ( 0 + 0 + 0 ) * 0.25 ) );margin-right: 0px;'><div class=\"fusion-column-wrapper\" style=\"padding: 20% 5% 20% 5%;\"  data-bg-url=\"\"><div class=\"fusion-text\"><p style=\"text-align: left; font-size: 22px; color: #6abd3f;\"><strong>e-inspira\u2026, <\/strong><span style=\"text-align: left; font-weight: 500;\">gesti\u00f3n de los recursos personales<\/span><\/p>\n<hr \/>\n<\/div><div class=\"fusion-button-wrapper fusion-align-block\"><style type=\"text\/css\">.fusion-button.button-3 .fusion-button-text, .fusion-button.button-3 i {color:#1a1a1a;}.fusion-button.button-3 .fusion-button-icon-divider{border-color:#1a1a1a;}.fusion-button.button-3:hover .fusion-button-text, .fusion-button.button-3:hover i,.fusion-button.button-3:focus .fusion-button-text, .fusion-button.button-3:focus i,.fusion-button.button-3:active .fusion-button-text, .fusion-button.button-3:active{color:#ffffff;}.fusion-button.button-3:hover .fusion-button-icon-divider, .fusion-button.button-3:hover .fusion-button-icon-divider, .fusion-button.button-3:active .fusion-button-icon-divider{border-color:#ffffff;}.fusion-button.button-3:hover, .fusion-button.button-3:focus, .fusion-button.button-3:active{border-color:#ffffff;}.fusion-button.button-3 {border-color:#ffffff;border-radius:2px;}.fusion-button.button-3{background: #ffffff;}.fusion-button.button-3:hover,.button-3:focus,.fusion-button.button-3:active{background: rgba(255,132,0,0.8);}<\/style><a class=\"fusion-button button-flat fusion-button-default-size button-custom button-3 fusion-button-span-yes fusion-button-default-type\" target=\"_self\" href=\"#\"><span class=\"fusion-button-text\">Conoce m\u00e1s<\/span><i class=\"fa-arrow-right fas button-icon-right\"><\/i><\/a><\/div><div class=\"fusion-clearfix\"><\/div><\/div><span class=\"fusion-column-inner-bg hover-type-none\" ><a href=\"https:\/\/carpediemconsultores.com\/nuevo\/e-inspira-gestion-de-los-recursos-personales\/\" aria-label=\"\"><span class=\"fusion-column-inner-bg-image\"  style=\"background-position:left top;background-repeat:no-repeat;-webkit-background-size:cover;-moz-background-size:cover;-o-background-size:cover;background-size:cover;\"><\/span><\/a><\/span><\/div><div  data-animationType=fadeInUp data-animationDuration=0.6 data-animationOffset=100% class=\"fusion-layout-column fusion_builder_column fusion_builder_column_1_4 fusion-builder-column-6 fusion-one-fourth fusion-column-last inventa fusion-column-inner-bg-wrapper fusion-animated 1_4\"  style='margin-top:15px;margin-bottom:15px;width:25%;width:calc(25% - ( ( 0 + 0 + 0 ) * 0.25 ) );'><div class=\"fusion-column-wrapper\" style=\"padding: 20% 5% 20% 5%;\"  data-bg-url=\"\"><div class=\"fusion-text\"><p style=\"text-align: left; font-size: 22px; color: #856fbc;\"><strong>e-inventa\u2026, <\/strong><span style=\"text-align: left; font-weight: 500;\">gesti\u00f3n de la transformaci\u00f3n digital<\/span><\/p>\n<hr \/>\n<\/div><div class=\"fusion-button-wrapper fusion-align-block\"><style type=\"text\/css\">.fusion-button.button-4 .fusion-button-text, .fusion-button.button-4 i {color:#1a1a1a;}.fusion-button.button-4 .fusion-button-icon-divider{border-color:#1a1a1a;}.fusion-button.button-4:hover .fusion-button-text, .fusion-button.button-4:hover i,.fusion-button.button-4:focus .fusion-button-text, .fusion-button.button-4:focus i,.fusion-button.button-4:active .fusion-button-text, .fusion-button.button-4:active{color:#ffffff;}.fusion-button.button-4:hover .fusion-button-icon-divider, .fusion-button.button-4:hover .fusion-button-icon-divider, .fusion-button.button-4:active .fusion-button-icon-divider{border-color:#ffffff;}.fusion-button.button-4:hover, .fusion-button.button-4:focus, .fusion-button.button-4:active{border-color:#ffffff;}.fusion-button.button-4 {border-color:#ffffff;border-radius:2px;}.fusion-button.button-4{background: #ffffff;}.fusion-button.button-4:hover,.button-4:focus,.fusion-button.button-4:active{background: rgba(255,132,0,0.8);}<\/style><a class=\"fusion-button button-flat fusion-button-default-size button-custom button-4 fusion-button-span-yes fusion-button-default-type\" target=\"_self\" href=\"#\"><span class=\"fusion-button-text\">Conoce m\u00e1s<\/span><i class=\"fa-arrow-right fas button-icon-right\"><\/i><\/a><\/div><div class=\"fusion-clearfix\"><\/div><\/div><span class=\"fusion-column-inner-bg hover-type-none\" ><a href=\"https:\/\/carpediemconsultores.com\/nuevo\/e-inventa-gestion-de-la-transformacion-digital\/\" aria-label=\"\"><span class=\"fusion-column-inner-bg-image\"  style=\"background-position:left top;background-repeat:no-repeat;-webkit-background-size:cover;-moz-background-size:cover;-o-background-size:cover;background-size:cover;\"><\/span><\/a><\/span><\/div><\/div><\/div><style type=\"text\/css\">.fusion-fullwidth.fusion-builder-row-3 a:not(.fusion-button):not(.fusion-builder-module-control):not(.fusion-social-network-icon):not(.fb-icon-element):not(.fusion-countdown-link):not(.fusion-rollover-link):not(.fusion-rollover-gallery):not(.add_to_cart_button):not(.show_details_button):not(.product_type_external):not(.fusion-quick-view):not(.fusion-rollover-title-link) , .fusion-fullwidth.fusion-builder-row-3 a:not(.fusion-button):not(.fusion-builder-module-control):not(.fusion-social-network-icon):not(.fb-icon-element):not(.fusion-countdown-link):not(.fusion-rollover-link):not(.fusion-rollover-gallery):not(.add_to_cart_button):not(.show_details_button):not(.product_type_external):not(.fusion-quick-view):not(.fusion-rollover-title-link):before, .fusion-fullwidth.fusion-builder-row-3 a:not(.fusion-button):not(.fusion-builder-module-control):not(.fusion-social-network-icon):not(.fb-icon-element):not(.fusion-countdown-link):not(.fusion-rollover-link):not(.fusion-rollover-gallery):not(.add_to_cart_button):not(.show_details_button):not(.product_type_external):not(.fusion-quick-view):not(.fusion-rollover-title-link):after {color: #9d8a39;}.fusion-fullwidth.fusion-builder-row-3 a:not(.fusion-button):not(.fusion-builder-module-control):not(.fusion-social-network-icon):not(.fb-icon-element):not(.fusion-countdown-link):not(.fusion-rollover-link):not(.fusion-rollover-gallery):not(.add_to_cart_button):not(.show_details_button):not(.product_type_external):not(.fusion-quick-view):not(.fusion-rollover-title-link):hover, .fusion-fullwidth.fusion-builder-row-3 a:not(.fusion-button):not(.fusion-builder-module-control):not(.fusion-social-network-icon):not(.fb-icon-element):not(.fusion-countdown-link):not(.fusion-rollover-link):not(.fusion-rollover-gallery):not(.add_to_cart_button):not(.show_details_button):not(.product_type_external):not(.fusion-quick-view):not(.fusion-rollover-title-link):hover:before, .fusion-fullwidth.fusion-builder-row-3 a:not(.fusion-button):not(.fusion-builder-module-control):not(.fusion-social-network-icon):not(.fb-icon-element):not(.fusion-countdown-link):not(.fusion-rollover-link):not(.fusion-rollover-gallery):not(.add_to_cart_button):not(.show_details_button):not(.product_type_external):not(.fusion-quick-view):not(.fusion-rollover-title-link):hover:after {color: #9d8a39;}.fusion-fullwidth.fusion-builder-row-3 .pagination a.inactive:hover, .fusion-fullwidth.fusion-builder-row-3 .fusion-filters .fusion-filter.fusion-active a {border-color: #9d8a39;}.fusion-fullwidth.fusion-builder-row-3 .pagination .current {border-color: #9d8a39; background-color: #9d8a39;}.fusion-fullwidth.fusion-builder-row-3 .fusion-filters .fusion-filter.fusion-active a, .fusion-fullwidth.fusion-builder-row-3 .fusion-date-and-formats .fusion-format-box, .fusion-fullwidth.fusion-builder-row-3 .fusion-popover, .fusion-fullwidth.fusion-builder-row-3 .tooltip-shortcode {color: #9d8a39;}#main .fusion-fullwidth.fusion-builder-row-3 .post .blog-shortcode-post-title a:hover {color: #9d8a39;}<\/style><\/p>\n","protected":false},"excerpt":{"rendered":"","protected":false},"author":1,"featured_media":0,"parent":0,"menu_order":0,"comment_status":"closed","ping_status":"closed","template":"100-width.php","meta":{"footnotes":""},"class_list":["post-332","page","type-page","status-publish","hentry"],"_links":{"self":[{"href":"https:\/\/carpediemconsultores.com\/nuevo\/wp-json\/wp\/v2\/pages\/332","targetHints":{"allow":["GET"]}}],"collection":[{"href":"https:\/\/carpediemconsultores.com\/nuevo\/wp-json\/wp\/v2\/pages"}],"about":[{"href":"https:\/\/carpediemconsultores.com\/nuevo\/wp-json\/wp\/v2\/types\/page"}],"author":[{"embeddable":true,"href":"https:\/\/carpediemconsultores.com\/nuevo\/wp-json\/wp\/v2\/users\/1"}],"replies":[{"embeddable":true,"href":"https:\/\/carpediemconsultores.com\/nuevo\/wp-json\/wp\/v2\/comments?post=332"}],"version-history":[{"count":10,"href":"https:\/\/carpediemconsultores.com\/nuevo\/wp-json\/wp\/v2\/pages\/332\/revisions"}],"predecessor-version":[{"id":6943,"href":"https:\/\/carpediemconsultores.com\/nuevo\/wp-json\/wp\/v2\/pages\/332\/revisions\/6943"}],"wp:attachment":[{"href":"https:\/\/carpediemconsultores.com\/nuevo\/wp-json\/wp\/v2\/media?parent=332"}],"curies":[{"name":"wp","href":"https:\/\/api.w.org\/{rel}","templated":true}]}}