{"id":6807,"date":"2020-04-13T11:26:07","date_gmt":"2020-04-13T16:26:07","guid":{"rendered":"https:\/\/carpediemconsultores.com\/nuevo\/?page_id=6807"},"modified":"2020-04-23T12:11:59","modified_gmt":"2020-04-23T17:11:59","slug":"contacto","status":"publish","type":"page","link":"https:\/\/carpediemconsultores.com\/nuevo\/contacto\/","title":{"rendered":"Contacto"},"content":{"rendered":"<p><div class=\"fusion-fullwidth fullwidth-box fusion-builder-row-1 nonhundred-percent-fullwidth non-hundred-percent-height-scrolling\"  style='background-color: rgba(255,255,255,0);background-position: center center;background-repeat: no-repeat;padding-top:0px;padding-right:0px;padding-bottom:6%;padding-left:0px;margin-top: -20px;'><div class=\"fusion-builder-row fusion-row \"><div  data-animationType=fadeInLeft data-animationDuration=1.0 data-animationOffset=100% class=\"fusion-layout-column fusion_builder_column fusion_builder_column_1_2 fusion-builder-column-0 fusion-one-half fusion-column-first fusion-animated 1_2\"  style='margin-top:15px;margin-bottom:30px;width:50%;width:calc(50% - ( ( 4% ) * 0.5 ) );margin-right: 4%;'><div class=\"fusion-column-wrapper fusion-column-has-shadow\" style=\"background-color:#ffffff;overflow:hidden;border-radius:12px 12px 12px 12px;box-shadow:0px 20px 38px 0px rgba(46,61,106,0.4);;padding: 0px 18px 0px 18px;background-position:left top;background-repeat:no-repeat;-webkit-background-size:cover;-moz-background-size:cover;-o-background-size:cover;background-size:cover;border-radius:12px 12px 12px 12px;\"   data-bg-url=\"\"><div class=\"fusion-fa-align-center\"><i class=\"fb-icon-element-1 fb-icon-element fontawesome-icon fa-phone fas circle-yes\" style=\"font-size:52.8px;line-height:103.6px;height:105.6px;width:105.6px;border-width:1px;\"><\/i><\/div><style>i.fontawesome-icon.fb-icon-element-1{ color: #2e3d6a; background-color: rgba(51,51,51,0); border-color: rgba(51,51,51,0);}i.fontawesome-icon.fb-icon-element-1:hover { color: #2e3d6a; background-color: rgba(51,51,51,0); border-color: rgba(51,51,51,0);}<\/style><style type=\"text\/css\">@media only screen and (max-width:800px) {.fusion-title.fusion-title-1{margin-top:0px!important;margin-bottom:10px!important;}}<\/style><div class=\"fusion-title title fusion-title-1 sep-underline sep-solid fusion-title-center fusion-title-text fusion-title-size-two\" style=\"border-bottom-color:#dbe2ea;font-size:26px;margin-top:15px;margin-bottom:10px;\"><h2 class=\"title-heading-center\" style=\"margin:0;font-size:1em;letter-spacing:-2px;\">Ll\u00e1menos ahora<\/h2><\/div><div class=\"fusion-text\"><p style=\"text-align: center; font-size: 18px;\">+57 311 202 2024<\/p>\n<\/div><div class=\"fusion-clearfix\"><\/div><\/div><\/div><div  data-animationType=fadeInUp data-animationDuration=1.0 data-animationOffset=100% class=\"fusion-layout-column fusion_builder_column fusion_builder_column_1_2 fusion-builder-column-1 fusion-one-half fusion-column-last fusion-animated 1_2\"  style='margin-top:15px;margin-bottom:30px;width:50%;width:calc(50% - ( ( 4% ) * 0.5 ) );'><div class=\"fusion-column-wrapper fusion-column-has-shadow\" style=\"background-color:#ffffff;overflow:hidden;border-radius:12px 12px 12px 12px;box-shadow:0px 20px 38px 0px rgba(46,61,106,0.4);;padding: 0px 18px 0px 18px;background-position:left top;background-repeat:no-repeat;-webkit-background-size:cover;-moz-background-size:cover;-o-background-size:cover;background-size:cover;border-radius:12px 12px 12px 12px;\"   data-bg-url=\"\"><div class=\"fusion-fa-align-center\"><i class=\"fb-icon-element-2 fb-icon-element fontawesome-icon fa-envelope-open far circle-yes\" style=\"font-size:52.8px;line-height:103.6px;height:105.6px;width:105.6px;border-width:1px;\"><\/i><\/div><style>i.fontawesome-icon.fb-icon-element-2{ color: #2e3d6a; background-color: rgba(51,51,51,0); border-color: rgba(51,51,51,0);}i.fontawesome-icon.fb-icon-element-2:hover { color: #2e3d6a; background-color: rgba(51,51,51,0); border-color: rgba(51,51,51,0);}<\/style><style type=\"text\/css\">@media only screen and (max-width:800px) {.fusion-title.fusion-title-2{margin-top:0px!important;margin-bottom:10px!important;}}<\/style><div class=\"fusion-title title fusion-title-2 sep-underline sep-solid fusion-title-center fusion-title-text fusion-title-size-two\" style=\"border-bottom-color:#dbe2ea;font-size:26px;margin-top:15px;margin-bottom:10px;\"><h2 class=\"title-heading-center\" style=\"margin:0;font-size:1em;letter-spacing:-2px;\">Escr\u00edbanos<\/h2><\/div><div class=\"fusion-text\"><p style=\"text-align: center; font-size: 18px;\">antonio.gomez@carpediemconsultores.com<\/p>\n<\/div><div class=\"fusion-clearfix\"><\/div><\/div><\/div><\/div><\/div><div class=\"fusion-fullwidth fullwidth-box fusion-builder-row-2 nonhundred-percent-fullwidth non-hundred-percent-height-scrolling\"  style='background-color: rgba(255,255,255,0);background-position: center center;background-repeat: no-repeat;padding-top:0px;padding-right:0px;padding-bottom:3%;padding-left:0px;'><div class=\"fusion-builder-row fusion-row \"><div  data-animationType=fadeInLeft data-animationDuration=1.0 data-animationOffset=100% class=\"fusion-layout-column fusion_builder_column fusion_builder_column_3_5 fusion-builder-column-2 fusion-three-fifth fusion-column-first fusion-animated 3_5\"  style='margin-top:15px;margin-bottom:15px;width:60%;width:calc(60% - ( ( 4% ) * 0.6 ) );margin-right: 4%;'><div class=\"fusion-column-wrapper\" style=\"overflow:hidden;border-radius:12px 12px 12px 12px;padding: 0px 0px 30px 0px;background-position:left top;background-repeat:no-repeat;-webkit-background-size:cover;-moz-background-size:cover;-o-background-size:cover;background-size:cover;border-radius:12px 12px 12px 12px;\"   data-bg-url=\"\"><style type=\"text\/css\"><\/style><div class=\"fusion-title title fusion-title-3 sep-underline sep-solid fusion-title-text fusion-title-size-two\" style=\"border-bottom-color:#dbe2ea;font-size:30px;margin-top:15px;margin-bottom:15px;\"><h2 class=\"title-heading-left\" style=\"margin:0;font-size:1em;letter-spacing:-2px;\">D\u00e9jenos saber c\u00f3mo podemos ayudarle<\/h2><\/div>\n<div class=\"wpcf7 no-js\" id=\"wpcf7-f15-o1\" lang=\"es-ES\" dir=\"ltr\" data-wpcf7-id=\"15\">\n<div class=\"screen-reader-response\"><p role=\"status\" aria-live=\"polite\" aria-atomic=\"true\"><\/p> <ul><\/ul><\/div>\n<form action=\"\/nuevo\/wp-json\/wp\/v2\/pages\/6807#wpcf7-f15-o1\" method=\"post\" class=\"wpcf7-form init\" aria-label=\"Formulario de contacto\" novalidate=\"novalidate\" data-status=\"init\">\n<div style=\"display: none;\">\n<input type=\"hidden\" name=\"_wpcf7\" value=\"15\" \/>\n<input type=\"hidden\" name=\"_wpcf7_version\" value=\"6.0.6\" \/>\n<input type=\"hidden\" name=\"_wpcf7_locale\" value=\"es_ES\" \/>\n<input type=\"hidden\" name=\"_wpcf7_unit_tag\" value=\"wpcf7-f15-o1\" \/>\n<input type=\"hidden\" name=\"_wpcf7_container_post\" value=\"0\" \/>\n<input type=\"hidden\" name=\"_wpcf7_posted_data_hash\" value=\"\" \/>\n<\/div>\n<h3>Formulario de contacto\n<\/h3>\n<p><span class=\"wpcf7-form-control-wrap\" data-name=\"your-name\"><input size=\"40\" maxlength=\"400\" class=\"wpcf7-form-control wpcf7-text wpcf7-validates-as-required\" aria-required=\"true\" aria-invalid=\"false\" placeholder=\"Tu nombre (obligatorio)\" value=\"\" type=\"text\" name=\"your-name\" \/><\/span><br \/>\n<span class=\"wpcf7-form-control-wrap\" data-name=\"empresa\"><input size=\"40\" maxlength=\"400\" class=\"wpcf7-form-control wpcf7-text wpcf7-validates-as-required\" aria-required=\"true\" aria-invalid=\"false\" placeholder=\"Empresa\" value=\"\" type=\"text\" name=\"empresa\" \/><\/span><br \/>\n<span class=\"wpcf7-form-control-wrap\" data-name=\"tel-cel\"><input size=\"40\" maxlength=\"400\" class=\"wpcf7-form-control wpcf7-tel wpcf7-validates-as-required wpcf7-text wpcf7-validates-as-tel\" aria-required=\"true\" aria-invalid=\"false\" placeholder=\"Tel\u00e9fono \/ Celular\" value=\"\" type=\"tel\" name=\"tel-cel\" \/><\/span><br \/>\n<span class=\"wpcf7-form-control-wrap\" data-name=\"your-email\"><input size=\"40\" maxlength=\"400\" class=\"wpcf7-form-control wpcf7-email wpcf7-validates-as-required wpcf7-text wpcf7-validates-as-email\" aria-required=\"true\" aria-invalid=\"false\" placeholder=\"Tu correo electr\u00f3nico (obligatorio)\" value=\"\" type=\"email\" name=\"your-email\" \/><\/span><br \/>\n<span class=\"wpcf7-form-control-wrap\" data-name=\"ciudad\"><input size=\"40\" maxlength=\"400\" class=\"wpcf7-form-control wpcf7-text wpcf7-validates-as-required\" aria-required=\"true\" aria-invalid=\"false\" placeholder=\"Ciudad\" value=\"\" type=\"text\" name=\"ciudad\" \/><\/span>\n<\/p>\n<p><input class=\"wpcf7-form-control wpcf7-submit has-spinner\" type=\"submit\" value=\"Enviar\" \/>\n<\/p><div class=\"fusion-alert alert custom alert-custom fusion-alert-center wpcf7-response-output fusion-alert-capitalize alert-dismissable\" style=\"border-width:1px;\"><button type=\"button\" class=\"close toggle-alert\" data-dismiss=\"alert\" aria-hidden=\"true\">&times;<\/button><div class=\"fusion-alert-content-wrapper\"><span class=\"fusion-alert-content\"><\/span><\/div><\/div>\n<\/form>\n<\/div>\n<div class=\"fusion-clearfix\"><\/div><\/div><\/div><div  data-animationType=fadeInRight data-animationDuration=1.0 data-animationOffset=100% class=\"fusion-layout-column fusion_builder_column fusion_builder_column_2_5 fusion-builder-column-3 fusion-two-fifth fusion-column-last fusion-animated 2_5\"  style='margin-top:15px;margin-bottom:15px;width:40%;width:calc(40% - ( ( 4% ) * 0.4 ) );'><div class=\"fusion-column-wrapper\" style=\"background-color:rgba(247,235,249,0.43);overflow:hidden;border-radius:12px 12px 12px 12px;padding: 0px 30px 30px 30px;background-position:left top;background-blend-mode: overlay;background-repeat:no-repeat;-webkit-background-size:cover;-moz-background-size:cover;-o-background-size:cover;background-size:cover;border-radius:12px 12px 12px 12px;\"   data-bg-url=\"\"><style type=\"text\/css\"><\/style><div class=\"fusion-title title fusion-title-4 sep-underline sep-solid fusion-title-text fusion-title-size-two\" style=\"border-bottom-color:#dbe2ea;font-size:26px;margin-top:15px;margin-bottom:15px;\"><h2 class=\"title-heading-left\" style=\"margin:0;font-size:1em;\">Nosotros<\/h2><\/div><div class=\"fusion-text\"><p>Antonio G\u00f3mez Orozco<br \/>\nDirector Carpe Diem Consultores<\/p>\n<p><a href=\"mailto:antonio.gomez@carpediemconsultores.com\">antonio.gomez@carpediemconsultores.com<\/a>\u00a0<i class=\"icon-right-circled\"><\/i><br \/>\n<a href=\"https:\/\/carpediemconsultores.com\/contact\/#\">[57] 311 202 2024<\/a>\u00a0<i class=\"icon-right-circled\"><\/i><\/p>\n<p>Ps. Mg. Sandra Montoya L\u00f3pez<br \/>\nPsic\u00f3loga Cl\u00ednica, Hipnoterapeuta y Consejera de Biodescodificaci\u00f3n<\/p>\n<p><a href=\"mailto:sandra.montoya@carpediemconsultores.com\">sandra.montoya@carpediemconsultores.com<\/a>\u00a0<i class=\"icon-right-circled\"><\/i><br \/>\n<a href=\"https:\/\/carpediemconsultores.com\/contact\/#\">[57] 310 774 5910<\/a><\/p>\n<\/div><div class=\"fusion-clearfix\"><\/div><\/div><\/div><\/div><\/div><\/p>\n","protected":false},"excerpt":{"rendered":"","protected":false},"author":1,"featured_media":0,"parent":0,"menu_order":0,"comment_status":"closed","ping_status":"closed","template":"100-width.php","meta":{"footnotes":""},"class_list":["post-6807","page","type-page","status-publish","hentry"],"_links":{"self":[{"href":"https:\/\/carpediemconsultores.com\/nuevo\/wp-json\/wp\/v2\/pages\/6807","targetHints":{"allow":["GET"]}}],"collection":[{"href":"https:\/\/carpediemconsultores.com\/nuevo\/wp-json\/wp\/v2\/pages"}],"about":[{"href":"https:\/\/carpediemconsultores.com\/nuevo\/wp-json\/wp\/v2\/types\/page"}],"author":[{"embeddable":true,"href":"https:\/\/carpediemconsultores.com\/nuevo\/wp-json\/wp\/v2\/users\/1"}],"replies":[{"embeddable":true,"href":"https:\/\/carpediemconsultores.com\/nuevo\/wp-json\/wp\/v2\/comments?post=6807"}],"version-history":[{"count":12,"href":"https:\/\/carpediemconsultores.com\/nuevo\/wp-json\/wp\/v2\/pages\/6807\/revisions"}],"predecessor-version":[{"id":6954,"href":"https:\/\/carpediemconsultores.com\/nuevo\/wp-json\/wp\/v2\/pages\/6807\/revisions\/6954"}],"wp:attachment":[{"href":"https:\/\/carpediemconsultores.com\/nuevo\/wp-json\/wp\/v2\/media?parent=6807"}],"curies":[{"name":"wp","href":"https:\/\/api.w.org\/{rel}","templated":true}]}}