{"id":6957,"date":"2020-04-23T12:41:14","date_gmt":"2020-04-23T17:41:14","guid":{"rendered":"https:\/\/carpediemconsultores.com\/nuevo\/?page_id=6957"},"modified":"2020-04-23T12:41:14","modified_gmt":"2020-04-23T17:41:14","slug":"testimonios","status":"publish","type":"page","link":"https:\/\/carpediemconsultores.com\/nuevo\/testimonios\/","title":{"rendered":"Testimonios"},"content":{"rendered":"<div class=\"fusion-fullwidth fullwidth-box fusion-builder-row-1 fusion-parallax-fixed nonhundred-percent-fullwidth non-hundred-percent-height-scrolling\"  style='background-color: rgba(255,255,255,0);background-image: url(\"https:\/\/carpediemconsultores.com\/nuevo\/wp-content\/uploads\/2020\/04\/fondo-proyectos.png\");background-position: left top;background-repeat: no-repeat;padding-top:0px;padding-right:0px;padding-bottom:0px;padding-left:0px;-webkit-background-size:cover;-moz-background-size:cover;-o-background-size:cover;background-size:cover;background-attachment:fixed;'><div class=\"fusion-builder-row fusion-row \"><div  class=\"fusion-layout-column fusion_builder_column fusion_builder_column_1_1 fusion-builder-column-0 fusion-one-full fusion-column-first fusion-column-last 1_1\"  style='margin-top:15px;margin-bottom:15px;'><div class=\"fusion-column-wrapper\" style=\"padding: 0px 0px 0px 0px;background-position:left top;background-repeat:no-repeat;-webkit-background-size:cover;-moz-background-size:cover;-o-background-size:cover;background-size:cover;\"   data-bg-url=\"\"><div class=\"fusion-blog-shortcode fusion-blog-shortcode-1 fusion-blog-archive fusion-blog-layout-grid-wrapper fusion-blog-infinite fusion-blog-no-images\"><style type=\"text\/css\">.fusion-blog-shortcode-1 .fusion-blog-layout-grid .fusion-post-grid{padding:10px;}.fusion-blog-shortcode-1 .fusion-posts-container{margin-left: -10px !important; margin-right:-10px !important;}<\/style><div class=\"fusion-posts-container fusion-posts-container-infinite fusion-no-meta-info fusion-blog-layout-grid fusion-blog-layout-grid-4 isotope fusion-blog-equal-heights\" data-pages=\"6\" data-grid-col-space=\"20\" style=\"margin: -10px -10px 0;min-height:500px;\"><article id=\"blog-1-post-5953\" class=\"fusion-post-grid post-5953 post type-post status-publish format-standard hentry category-experiencias-carpe-diem\">\n<div class=\"fusion-post-wrapper\" style=\"background-color:rgba(255,255,255,0);border:1px solid #dbe2ea;border-bottom-width:3px;\"><div class=\"fusion-post-content-wrapper\" style=\"padding:30px 25px 20px 25px;\"><div class=\"fusion-post-content post-content\"><h2 class=\"blog-shortcode-post-title entry-title\"><a href=\"https:\/\/carpediemconsultores.com\/nuevo\/ana-maria-ortegon-alvarez-consultora-independiente\/\">Ana Mar\u00eda Orteg\u00f3n \u00c1lvarez<br\/><span class=\"donde\">Consultora Independiente<\/span><\/a><\/h2><div class=\"fusion-post-content-container\"><p>Trabajar con Carpe Diem para mi signific\u00f3 una oportunidad de hacer alianzas y redes profesionales bajo principios de cooperaci\u00f3n, asociatividad, [\u2026]<\/p>\n<\/div><\/div><\/div><div class=\"fusion-clearfix\"><\/div><\/div>\n<\/article>\n<article id=\"blog-1-post-5956\" class=\"fusion-post-grid post-5956 post type-post status-publish format-standard hentry category-experiencias-carpe-diem\">\n<div class=\"fusion-post-wrapper\" style=\"background-color:rgba(255,255,255,0);border:1px solid #dbe2ea;border-bottom-width:3px;\"><div class=\"fusion-post-content-wrapper\" style=\"padding:30px 25px 20px 25px;\"><div class=\"fusion-post-content post-content\"><h2 class=\"blog-shortcode-post-title entry-title\"><a href=\"https:\/\/carpediemconsultores.com\/nuevo\/constanza-witek-torres-consultora-independiente\/\">Constanza Witek Torres<br\/><span class=\"donde\">Consultora Independiente<\/span><\/a><\/h2><div class=\"fusion-post-content-container\"><p>Carpe Diem ha sido una empresa que me ha brindado la oportunidad de conocer e interactuar en diferentes contextos organizacionales. [\u2026]<\/p>\n<\/div><\/div><\/div><div class=\"fusion-clearfix\"><\/div><\/div>\n<\/article>\n<article id=\"blog-1-post-6519\" class=\"fusion-post-grid post-6519 post type-post status-publish format-standard hentry category-experiencias-carpe-diem\">\n<div class=\"fusion-post-wrapper\" style=\"background-color:rgba(255,255,255,0);border:1px solid #dbe2ea;border-bottom-width:3px;\"><div class=\"fusion-post-content-wrapper\" style=\"padding:30px 25px 20px 25px;\"><div class=\"fusion-post-content post-content\"><h2 class=\"blog-shortcode-post-title entry-title\"><a href=\"https:\/\/carpediemconsultores.com\/nuevo\/david-ocampo-guzman-docenteuniversidad-ean\/\">David Ocampo Guzm\u00e1n Docente<br\/><span class=\"donde\">Universidad EAN<\/span><\/a><\/h2><div class=\"fusion-post-content-container\"><p>Conoc\u00ed a Antonio G\u00f3mez en enero del 2016, luego de que la escuela de formaci\u00f3n de suboficiales de la Polic\u00eda [\u2026]<\/p>\n<\/div><\/div><\/div><div class=\"fusion-clearfix\"><\/div><\/div>\n<\/article>\n<article id=\"blog-1-post-6523\" class=\"fusion-post-grid post-6523 post type-post status-publish format-standard hentry category-experiencias-carpe-diem\">\n<div class=\"fusion-post-wrapper\" style=\"background-color:rgba(255,255,255,0);border:1px solid #dbe2ea;border-bottom-width:3px;\"><div class=\"fusion-post-content-wrapper\" style=\"padding:30px 25px 20px 25px;\"><div class=\"fusion-post-content post-content\"><h2 class=\"blog-shortcode-post-title entry-title\"><a href=\"https:\/\/carpediemconsultores.com\/nuevo\/deyanira-rodriguezconsultora-independiente\/\">Deyanira Rodr\u00edguez<br\/><span class=\"donde\">Consultora Independiente<\/span><\/a><\/h2><div class=\"fusion-post-content-container\"><p>El haber trabajado con Carpe Diem en estos a\u00f1os ha permitido en mi vida:<\/p>\n<ol>\n<li>Crecimiento a nivel profesional ya que [\u2026]<br>\n<\/li><\/ol><\/div><\/div><\/div><div class=\"fusion-clearfix\"><\/div><\/div>\n<\/article>\n<article id=\"blog-1-post-6526\" class=\"fusion-post-grid post-6526 post type-post status-publish format-standard hentry category-experiencias-carpe-diem\">\n<div class=\"fusion-post-wrapper\" style=\"background-color:rgba(255,255,255,0);border:1px solid #dbe2ea;border-bottom-width:3px;\"><div class=\"fusion-post-content-wrapper\" style=\"padding:30px 25px 20px 25px;\"><div class=\"fusion-post-content post-content\"><h2 class=\"blog-shortcode-post-title entry-title\"><a href=\"https:\/\/carpediemconsultores.com\/nuevo\/diana-carolina-sierra-gutierrezconsultora-independiente\/\">Diana Carolina Sierra Guti\u00e9rrez<br\/><span class=\"donde\">Consultora Independiente<\/span><\/a><\/h2><div class=\"fusion-post-content-container\"><p>Trabajar con Antonio G\u00f3mez ha sido aprender a cumplir con las expectativas de los clientes de una manera armoniosa y [\u2026]<\/p>\n<\/div><\/div><\/div><div class=\"fusion-clearfix\"><\/div><\/div>\n<\/article>\n<article id=\"blog-1-post-6528\" class=\"fusion-post-grid post-6528 post type-post status-publish format-standard hentry category-experiencias-carpe-diem\">\n<div class=\"fusion-post-wrapper\" style=\"background-color:rgba(255,255,255,0);border:1px solid #dbe2ea;border-bottom-width:3px;\"><div class=\"fusion-post-content-wrapper\" style=\"padding:30px 25px 20px 25px;\"><div class=\"fusion-post-content post-content\"><h2 class=\"blog-shortcode-post-title entry-title\"><a href=\"https:\/\/carpediemconsultores.com\/nuevo\/edicson-jair-gil-acosta-docenteuniversidad-ean\/\">Edicson Jair Gil Acosta Docente<br\/><span class=\"donde\">Universidad EAN<\/span><\/a><\/h2><div class=\"fusion-post-content-container\"><p>Para mi ha sido una grata experiencia, pues considero a Antonio G\u00f3mez un gran profesional que vincula diferentes perfiles de [\u2026]<\/p>\n<\/div><\/div><\/div><div class=\"fusion-clearfix\"><\/div><\/div>\n<\/article>\n<article id=\"blog-1-post-6530\" class=\"fusion-post-grid post-6530 post type-post status-publish format-standard hentry category-experiencias-carpe-diem\">\n<div class=\"fusion-post-wrapper\" style=\"background-color:rgba(255,255,255,0);border:1px solid #dbe2ea;border-bottom-width:3px;\"><div class=\"fusion-post-content-wrapper\" style=\"padding:30px 25px 20px 25px;\"><div class=\"fusion-post-content post-content\"><h2 class=\"blog-shortcode-post-title entry-title\"><a href=\"https:\/\/carpediemconsultores.com\/nuevo\/elvira-garcia-rodriguezconsultora-independiente\/\">Elvira Garc\u00eda Rodr\u00edguez<br\/><span class=\"donde\">Consultora Independiente<\/span><\/a><\/h2><div class=\"fusion-post-content-container\"><p>Antonio es un excelente profesional. He tenido la oportunidad de trabajar con \u00e9l en proyectos de diferente envergadura, en los [\u2026]<\/p>\n<\/div><\/div><\/div><div class=\"fusion-clearfix\"><\/div><\/div>\n<\/article>\n<article id=\"blog-1-post-6532\" class=\"fusion-post-grid post-6532 post type-post status-publish format-standard hentry category-experiencias-carpe-diem\">\n<div class=\"fusion-post-wrapper\" style=\"background-color:rgba(255,255,255,0);border:1px solid #dbe2ea;border-bottom-width:3px;\"><div class=\"fusion-post-content-wrapper\" style=\"padding:30px 25px 20px 25px;\"><div class=\"fusion-post-content post-content\"><h2 class=\"blog-shortcode-post-title entry-title\"><a href=\"https:\/\/carpediemconsultores.com\/nuevo\/eyvis-lucinda-vergaracoordinadora-de-recursos-humanos-fl-colombia-s-a-s\/\">Eyvis Lucinda Vergara<br\/><span class=\"donde\">Coordinadora de Recursos Humanos &#8211; FL Colombia S.A.S.<\/span><\/a><\/h2><div class=\"fusion-post-content-container\"><p>Trabajar con Carpe Diem ha significado tener a la mano, un aliado estrat\u00e9gico en el desarrollo de las actividades que [\u2026]<\/p>\n<\/div><\/div><\/div><div class=\"fusion-clearfix\"><\/div><\/div>\n<\/article>\n<div class=\"fusion-clearfix\"><\/div><\/div><div class=\"fusion-infinite-scroll-trigger\"><\/div><div class=\"pagination infinite-scroll clearfix\" style=\"display:none;\"><span class=\"current\">1<\/span><a href=\"https:\/\/carpediemconsultores.com\/nuevo\/wp-json\/wp\/v2\/pages\/6957\/page\/2\/\" class=\"inactive\">2<\/a><a class=\"pagination-next\" href=\"https:\/\/carpediemconsultores.com\/nuevo\/wp-json\/wp\/v2\/pages\/6957\/page\/2\/\"><span class=\"page-text\">Siguiente<\/span><span class=\"page-next\"><\/span><\/a><\/div><div class=\"fusion-clearfix\"><\/div><\/div><div class=\"fusion-clearfix\"><\/div><\/div><\/div><\/div><\/div><style type=\"text\/css\">.fusion-fullwidth.fusion-builder-row-1 a:not(.fusion-button):not(.fusion-builder-module-control):not(.fusion-social-network-icon):not(.fb-icon-element):not(.fusion-countdown-link):not(.fusion-rollover-link):not(.fusion-rollover-gallery):not(.add_to_cart_button):not(.show_details_button):not(.product_type_external):not(.fusion-quick-view):not(.fusion-rollover-title-link) , .fusion-fullwidth.fusion-builder-row-1 a:not(.fusion-button):not(.fusion-builder-module-control):not(.fusion-social-network-icon):not(.fb-icon-element):not(.fusion-countdown-link):not(.fusion-rollover-link):not(.fusion-rollover-gallery):not(.add_to_cart_button):not(.show_details_button):not(.product_type_external):not(.fusion-quick-view):not(.fusion-rollover-title-link):before, .fusion-fullwidth.fusion-builder-row-1 a:not(.fusion-button):not(.fusion-builder-module-control):not(.fusion-social-network-icon):not(.fb-icon-element):not(.fusion-countdown-link):not(.fusion-rollover-link):not(.fusion-rollover-gallery):not(.add_to_cart_button):not(.show_details_button):not(.product_type_external):not(.fusion-quick-view):not(.fusion-rollover-title-link):after {color: #9d8a39;}.fusion-fullwidth.fusion-builder-row-1 a:not(.fusion-button):not(.fusion-builder-module-control):not(.fusion-social-network-icon):not(.fb-icon-element):not(.fusion-countdown-link):not(.fusion-rollover-link):not(.fusion-rollover-gallery):not(.add_to_cart_button):not(.show_details_button):not(.product_type_external):not(.fusion-quick-view):not(.fusion-rollover-title-link):hover, .fusion-fullwidth.fusion-builder-row-1 a:not(.fusion-button):not(.fusion-builder-module-control):not(.fusion-social-network-icon):not(.fb-icon-element):not(.fusion-countdown-link):not(.fusion-rollover-link):not(.fusion-rollover-gallery):not(.add_to_cart_button):not(.show_details_button):not(.product_type_external):not(.fusion-quick-view):not(.fusion-rollover-title-link):hover:before, .fusion-fullwidth.fusion-builder-row-1 a:not(.fusion-button):not(.fusion-builder-module-control):not(.fusion-social-network-icon):not(.fb-icon-element):not(.fusion-countdown-link):not(.fusion-rollover-link):not(.fusion-rollover-gallery):not(.add_to_cart_button):not(.show_details_button):not(.product_type_external):not(.fusion-quick-view):not(.fusion-rollover-title-link):hover:after {color: #9d8a39;}.fusion-fullwidth.fusion-builder-row-1 .pagination a.inactive:hover, .fusion-fullwidth.fusion-builder-row-1 .fusion-filters .fusion-filter.fusion-active a {border-color: #9d8a39;}.fusion-fullwidth.fusion-builder-row-1 .pagination .current {border-color: #9d8a39; background-color: #9d8a39;}.fusion-fullwidth.fusion-builder-row-1 .fusion-filters .fusion-filter.fusion-active a, .fusion-fullwidth.fusion-builder-row-1 .fusion-date-and-formats .fusion-format-box, .fusion-fullwidth.fusion-builder-row-1 .fusion-popover, .fusion-fullwidth.fusion-builder-row-1 .tooltip-shortcode {color: #9d8a39;}#main .fusion-fullwidth.fusion-builder-row-1 .post .blog-shortcode-post-title a:hover {color: #9d8a39;}<\/style>\n","protected":false},"excerpt":{"rendered":"","protected":false},"author":1,"featured_media":0,"parent":0,"menu_order":0,"comment_status":"closed","ping_status":"closed","template":"100-width.php","meta":{"footnotes":""},"class_list":["post-6957","page","type-page","status-publish","hentry"],"_links":{"self":[{"href":"https:\/\/carpediemconsultores.com\/nuevo\/wp-json\/wp\/v2\/pages\/6957","targetHints":{"allow":["GET"]}}],"collection":[{"href":"https:\/\/carpediemconsultores.com\/nuevo\/wp-json\/wp\/v2\/pages"}],"about":[{"href":"https:\/\/carpediemconsultores.com\/nuevo\/wp-json\/wp\/v2\/types\/page"}],"author":[{"embeddable":true,"href":"https:\/\/carpediemconsultores.com\/nuevo\/wp-json\/wp\/v2\/users\/1"}],"replies":[{"embeddable":true,"href":"https:\/\/carpediemconsultores.com\/nuevo\/wp-json\/wp\/v2\/comments?post=6957"}],"version-history":[{"count":4,"href":"https:\/\/carpediemconsultores.com\/nuevo\/wp-json\/wp\/v2\/pages\/6957\/revisions"}],"predecessor-version":[{"id":6961,"href":"https:\/\/carpediemconsultores.com\/nuevo\/wp-json\/wp\/v2\/pages\/6957\/revisions\/6961"}],"wp:attachment":[{"href":"https:\/\/carpediemconsultores.com\/nuevo\/wp-json\/wp\/v2\/media?parent=6957"}],"curies":[{"name":"wp","href":"https:\/\/api.w.org\/{rel}","templated":true}]}}